{"id":212958,"date":"2025-12-02T16:04:54","date_gmt":"2025-12-02T15:04:54","guid":{"rendered":"https:\/\/www.intermarche.be\/?page_id=212958"},"modified":"2025-12-11T11:21:42","modified_gmt":"2025-12-11T10:21:42","slug":"game-of-the-week","status":"publish","type":"page","link":"https:\/\/www.intermarche.be\/nl\/game-of-the-week\/","title":{"rendered":"Game of the week"},"content":{"rendered":"<div class=\"wpb-content-wrapper\"><p>[vc_row full_width=&#8221;stretch_row&#8221; content_placement=&#8221;bottom&#8221; el_class=&#8221;bg-primary mb-2&#8243;][vc_column offset=&#8221;vc_col-lg-8 vc_col-md-7&#8243; el_class=&#8221;pt-2 pt-lg-1 pb-lg-1&#8243;][vc_custom_heading text=&#8221;Game of the week&#8221; font_container=&#8221;tag:h1|text_align:left|color:%23ffffff&#8221; use_theme_fonts=&#8221;yes&#8221; css=&#8221;&#8221; el_class=&#8221;text-white&#8221;][vc_column_text css=&#8221;&#8221; el_class=&#8221;text-white mb-0&#8243;]<\/p>\n<p data-start=\"43\" data-end=\"206\">Ontdek de <strong data-start=\"53\" data-end=\"73\">Game of the Week<\/strong> van Intermarch\u00e9 Belgi\u00eb: een exclusief spel waarbij \u00e9\u00e9n merk in de kijker wordt gezet\u2026 en waarmee u fantastische cadeaus kunt winnen!<\/p>\n<p data-start=\"208\" data-end=\"334\">Doe in enkele klikken mee, amuseer u en maak kans op de prijzen die worden weggegeven. Het is eenvoudig, snel en 100% plezier!<\/p>\n<p>[\/vc_column_text][\/vc_column][vc_column offset=&#8221;vc_col-lg-4 vc_col-md-5&#8243;][\/vc_column][\/vc_row][vc_row][vc_column][vc_raw_html css=&#8221;&#8221;]JTNDaWZyYW1lJTIwaWQlM0QlMjJsdWNreWZyYW1lJTIyJTIwd2lkdGglM0QlMjIxMDAlMjUlMjIlMjBoZWlnaHQlM0QlMjIxMDAwJTIyJTIwc3R5bGUlM0QlMjJib3JkZXIlM0Fub25lJTNCd2lkdGglM0ExMDAlMjUlM0IlMjIlM0UlM0MlMkZpZnJhbWUlM0UlMEElM0NzY3JpcHQlM0UlMEElMEElMjAlMjAlMjAlMjBjb25zdCUyMGlmcmFtZSUyMCUzRCUyMGRvY3VtZW50LmdldEVsZW1lbnRCeUlkJTI4JTI3bHVja3lmcmFtZSUyNyUyOSUzQiUwQSUwQSUyMCUyMCUyMCUyMGNvbnN0JTIwdXJsJTIwJTNEJTIwJTIyaHR0cHMlM0ElMkYlMkZjYW1wYWlnbnMubHVja3ktY3ljbGUuY29tJTJGaW50ZXJtYXJjaGUtYmVsZ2lxdWUlMkZnb3R3JTJGbmwlMjIlM0IlMEElMjAlMEElMjAlMjAlMjAlMjBjb25zdCUyMG5ld1VybCUyMCUzRCUyMHBhc3NQYXJhbXNUb0NoaWxkJTI4d2luZG93LmxvY2F0aW9uLmhyZWYlMkMlMjB1cmwlMjklM0IlMEElMEElMjAlMjAlMjAlMjBpZnJhbWUuc3JjJTIwJTNEJTIwbmV3VXJsJTNCJTBBJTIwJTBBJTIwJTIwJTIwJTIwZnVuY3Rpb24lMjBwYXNzUGFyYW1zVG9DaGlsZCUyOGJhc2UlMkMlMjB0YXJnZXQlMjklN0IlMEElMEElMjAlMjAlMjAlMjAlMjAlMjAlMjAlMjBjb25zdCUyMGJhc2VVcmwlMjAlM0QlMjBuZXclMjBVUkwlMjhiYXNlJTI5JTNCJTBBJTBBJTIwJTIwJTIwJTIwJTIwJTIwJTIwJTIwY29uc3QlMjB0YXJnZXRVcmwlMjAlM0QlMjBuZXclMjBVUkwlMjh0YXJnZXQlMjklM0IlMEElMEElMjAlMjAlMjAlMjAlMjAlMjAlMjAlMjBmb3IlMjAlMjhjb25zdCUyMCU1QmtleSUyQyUyMHZhbHVlJTVEJTIwb2YlMjBiYXNlVXJsLnNlYXJjaFBhcmFtcy5lbnRyaWVzJTI4JTI5JTI5JTIwJTdCJTBBJTBBJTIwJTIwJTIwJTIwJTIwJTIwJTIwJTIwJTIwJTIwJTIwJTIwdGFyZ2V0VXJsLnNlYXJjaFBhcmFtcy5zZXQlMjhrZXklMkMlMjB2YWx1ZSUyOSUzQiUwQSUwQSUyMCUyMCUyMCUyMCUyMCUyMCUyMCUyMCU3RCUwQSUwQSUyMCUyMCUyMCUyMCUyMCUyMCUyMCUyMHJldHVybiUyMHRhcmdldFVybC5ocmVmJTNCJTBBJTBBJTIwJTIwJTIwJTIwJTdEJTBBJTNDJTJGc2NyaXB0JTNFJTBBJTIw[\/vc_raw_html][\/vc_column][\/vc_row]<\/p>\n<\/div>","protected":false},"excerpt":{"rendered":"<p>[vc_row full_width=&#8221;stretch_row&#8221; content_placement=&#8221;bottom&#8221; el_class=&#8221;bg-primary mb-2&#8243;][vc_column offset=&#8221;vc_col-lg-8 vc_col-md-7&#8243; el_class=&#8221;pt-2 pt-lg-1 pb-lg-1&#8243;][vc_custom_heading text=&#8221;Game of the week&#8221; font_container=&#8221;tag:h1|text_align:left|color:%23ffffff&#8221; use_theme_fonts=&#8221;yes&#8221; css=&#8221;&#8221; el_class=&#8221;text-white&#8221;][vc_column_text css=&#8221;&#8221; el_class=&#8221;text-white mb-0&#8243;] Ontdek de Game of the Week van Intermarch\u00e9 Belgi\u00eb: een exclusief spel waarbij \u00e9\u00e9n merk in de kijker wordt gezet\u2026 en waarmee u fantastische cadeaus kunt winnen! Doe in enkele klikken mee, amuseer u [&hellip;]<\/p>\n","protected":false},"author":3,"featured_media":0,"parent":0,"menu_order":0,"comment_status":"closed","ping_status":"closed","template":"","meta":{"_acf_changed":false,"footnotes":""},"class_list":["post-212958","page","type-page","status-publish","hentry"],"acf":[],"yoast_head":"<!-- This site is optimized with the Yoast SEO plugin v26.0 - https:\/\/yoast.com\/wordpress\/plugins\/seo\/ -->\n<title>Game of the week | Intermarch\u00e9<\/title>\n<meta name=\"robots\" content=\"index, follow, max-snippet:-1, max-image-preview:large, max-video-preview:-1\" \/>\n<link rel=\"canonical\" href=\"https:\/\/www.intermarche.be\/nl\/game-of-the-week\/\" \/>\n<meta property=\"og:locale\" content=\"nl_NL\" \/>\n<meta property=\"og:type\" content=\"article\" \/>\n<meta property=\"og:title\" content=\"Game of the week | Intermarch\u00e9\" \/>\n<meta property=\"og:description\" content=\"[vc_row full_width=&#8221;stretch_row&#8221; content_placement=&#8221;bottom&#8221; el_class=&#8221;bg-primary mb-2&#8243;][vc_column offset=&#8221;vc_col-lg-8 vc_col-md-7&#8243; el_class=&#8221;pt-2 pt-lg-1 pb-lg-1&#8243;][vc_custom_heading text=&#8221;Game of the week&#8221; font_container=&#8221;tag:h1|text_align:left|color:%23ffffff&#8221; use_theme_fonts=&#8221;yes&#8221; css=&#8221;&#8221; el_class=&#8221;text-white&#8221;][vc_column_text css=&#8221;&#8221; el_class=&#8221;text-white mb-0&#8243;] Ontdek de Game of the Week van Intermarch\u00e9 Belgi\u00eb: een exclusief spel waarbij \u00e9\u00e9n merk in de kijker wordt gezet\u2026 en waarmee u fantastische cadeaus kunt winnen! Doe in enkele klikken mee, amuseer u [&hellip;]\" \/>\n<meta property=\"og:url\" content=\"https:\/\/www.intermarche.be\/nl\/game-of-the-week\/\" \/>\n<meta property=\"og:site_name\" content=\"Intermarch\u00e9\" \/>\n<meta property=\"article:publisher\" content=\"https:\/\/www.facebook.com\/intermarchebelgique\" \/>\n<meta property=\"article:modified_time\" content=\"2025-12-11T10:21:42+00:00\" \/>\n<meta property=\"og:image\" content=\"https:\/\/www.intermarche.be\/files\/uploads\/2024\/02\/intermarche-og.png\" \/>\n\t<meta property=\"og:image:width\" content=\"1920\" \/>\n\t<meta property=\"og:image:height\" content=\"1080\" \/>\n\t<meta property=\"og:image:type\" content=\"image\/png\" \/>\n<meta name=\"twitter:card\" content=\"summary_large_image\" \/>\n<script type=\"application\/ld+json\" class=\"yoast-schema-graph\">{\"@context\":\"https:\/\/schema.org\",\"@graph\":[{\"@type\":\"WebPage\",\"@id\":\"https:\/\/www.intermarche.be\/nl\/game-of-the-week\/\",\"url\":\"https:\/\/www.intermarche.be\/nl\/game-of-the-week\/\",\"name\":\"Game of the week | Intermarch\u00e9\",\"isPartOf\":{\"@id\":\"https:\/\/www.intermarche.be\/nl\/#website\"},\"datePublished\":\"2025-12-02T15:04:54+00:00\",\"dateModified\":\"2025-12-11T10:21:42+00:00\",\"breadcrumb\":{\"@id\":\"https:\/\/www.intermarche.be\/nl\/game-of-the-week\/#breadcrumb\"},\"inLanguage\":\"nl-NL\",\"potentialAction\":[{\"@type\":\"ReadAction\",\"target\":[\"https:\/\/www.intermarche.be\/nl\/game-of-the-week\/\"]}]},{\"@type\":\"BreadcrumbList\",\"@id\":\"https:\/\/www.intermarche.be\/nl\/game-of-the-week\/#breadcrumb\",\"itemListElement\":[{\"@type\":\"ListItem\",\"position\":1,\"name\":\"Home\",\"item\":\"https:\/\/www.intermarche.be\/nl\/\"},{\"@type\":\"ListItem\",\"position\":2,\"name\":\"Game of the week\"}]},{\"@type\":\"WebSite\",\"@id\":\"https:\/\/www.intermarche.be\/nl\/#website\",\"url\":\"https:\/\/www.intermarche.be\/nl\/\",\"name\":\"Intermarch\u00e9 Belgique\",\"description\":\"\",\"publisher\":{\"@id\":\"https:\/\/www.intermarche.be\/nl\/#organization\"},\"potentialAction\":[{\"@type\":\"SearchAction\",\"target\":{\"@type\":\"EntryPoint\",\"urlTemplate\":\"https:\/\/www.intermarche.be\/nl\/?s={search_term_string}\"},\"query-input\":{\"@type\":\"PropertyValueSpecification\",\"valueRequired\":true,\"valueName\":\"search_term_string\"}}],\"inLanguage\":\"nl-NL\"},{\"@type\":\"Organization\",\"@id\":\"https:\/\/www.intermarche.be\/nl\/#organization\",\"name\":\"Intermarch\u00e9\",\"url\":\"https:\/\/www.intermarche.be\/nl\/\",\"logo\":{\"@type\":\"ImageObject\",\"inLanguage\":\"nl-NL\",\"@id\":\"https:\/\/www.intermarche.be\/nl\/#\/schema\/logo\/image\/\",\"url\":\"https:\/\/www.intermarche.be\/files\/uploads\/2022\/10\/logo-intermarche.png\",\"contentUrl\":\"https:\/\/www.intermarche.be\/files\/uploads\/2022\/10\/logo-intermarche.png\",\"width\":1200,\"height\":1200,\"caption\":\"Intermarch\u00e9\"},\"image\":{\"@id\":\"https:\/\/www.intermarche.be\/nl\/#\/schema\/logo\/image\/\"},\"sameAs\":[\"https:\/\/www.facebook.com\/intermarchebelgique\",\"https:\/\/www.instagram.com\/intermarchebelgium\/\"]}]}<\/script>\n<!-- \/ Yoast SEO plugin. -->","yoast_head_json":{"title":"Game of the week | Intermarch\u00e9","robots":{"index":"index","follow":"follow","max-snippet":"max-snippet:-1","max-image-preview":"max-image-preview:large","max-video-preview":"max-video-preview:-1"},"canonical":"https:\/\/www.intermarche.be\/nl\/game-of-the-week\/","og_locale":"nl_NL","og_type":"article","og_title":"Game of the week | Intermarch\u00e9","og_description":"[vc_row full_width=&#8221;stretch_row&#8221; content_placement=&#8221;bottom&#8221; el_class=&#8221;bg-primary mb-2&#8243;][vc_column offset=&#8221;vc_col-lg-8 vc_col-md-7&#8243; el_class=&#8221;pt-2 pt-lg-1 pb-lg-1&#8243;][vc_custom_heading text=&#8221;Game of the week&#8221; font_container=&#8221;tag:h1|text_align:left|color:%23ffffff&#8221; use_theme_fonts=&#8221;yes&#8221; css=&#8221;&#8221; el_class=&#8221;text-white&#8221;][vc_column_text css=&#8221;&#8221; el_class=&#8221;text-white mb-0&#8243;] Ontdek de Game of the Week van Intermarch\u00e9 Belgi\u00eb: een exclusief spel waarbij \u00e9\u00e9n merk in de kijker wordt gezet\u2026 en waarmee u fantastische cadeaus kunt winnen! Doe in enkele klikken mee, amuseer u [&hellip;]","og_url":"https:\/\/www.intermarche.be\/nl\/game-of-the-week\/","og_site_name":"Intermarch\u00e9","article_publisher":"https:\/\/www.facebook.com\/intermarchebelgique","article_modified_time":"2025-12-11T10:21:42+00:00","og_image":[{"width":1920,"height":1080,"url":"https:\/\/www.intermarche.be\/files\/uploads\/2024\/02\/intermarche-og.png","type":"image\/png"}],"twitter_card":"summary_large_image","schema":{"@context":"https:\/\/schema.org","@graph":[{"@type":"WebPage","@id":"https:\/\/www.intermarche.be\/nl\/game-of-the-week\/","url":"https:\/\/www.intermarche.be\/nl\/game-of-the-week\/","name":"Game of the week | Intermarch\u00e9","isPartOf":{"@id":"https:\/\/www.intermarche.be\/nl\/#website"},"datePublished":"2025-12-02T15:04:54+00:00","dateModified":"2025-12-11T10:21:42+00:00","breadcrumb":{"@id":"https:\/\/www.intermarche.be\/nl\/game-of-the-week\/#breadcrumb"},"inLanguage":"nl-NL","potentialAction":[{"@type":"ReadAction","target":["https:\/\/www.intermarche.be\/nl\/game-of-the-week\/"]}]},{"@type":"BreadcrumbList","@id":"https:\/\/www.intermarche.be\/nl\/game-of-the-week\/#breadcrumb","itemListElement":[{"@type":"ListItem","position":1,"name":"Home","item":"https:\/\/www.intermarche.be\/nl\/"},{"@type":"ListItem","position":2,"name":"Game of the week"}]},{"@type":"WebSite","@id":"https:\/\/www.intermarche.be\/nl\/#website","url":"https:\/\/www.intermarche.be\/nl\/","name":"Intermarch\u00e9 Belgique","description":"","publisher":{"@id":"https:\/\/www.intermarche.be\/nl\/#organization"},"potentialAction":[{"@type":"SearchAction","target":{"@type":"EntryPoint","urlTemplate":"https:\/\/www.intermarche.be\/nl\/?s={search_term_string}"},"query-input":{"@type":"PropertyValueSpecification","valueRequired":true,"valueName":"search_term_string"}}],"inLanguage":"nl-NL"},{"@type":"Organization","@id":"https:\/\/www.intermarche.be\/nl\/#organization","name":"Intermarch\u00e9","url":"https:\/\/www.intermarche.be\/nl\/","logo":{"@type":"ImageObject","inLanguage":"nl-NL","@id":"https:\/\/www.intermarche.be\/nl\/#\/schema\/logo\/image\/","url":"https:\/\/www.intermarche.be\/files\/uploads\/2022\/10\/logo-intermarche.png","contentUrl":"https:\/\/www.intermarche.be\/files\/uploads\/2022\/10\/logo-intermarche.png","width":1200,"height":1200,"caption":"Intermarch\u00e9"},"image":{"@id":"https:\/\/www.intermarche.be\/nl\/#\/schema\/logo\/image\/"},"sameAs":["https:\/\/www.facebook.com\/intermarchebelgique","https:\/\/www.instagram.com\/intermarchebelgium\/"]}]}},"publishpress_future_workflow_manual_trigger":{"enabledWorkflows":[]},"_links":{"self":[{"href":"https:\/\/www.intermarche.be\/nl\/wp-json\/wp\/v2\/pages\/212958","targetHints":{"allow":["GET"]}}],"collection":[{"href":"https:\/\/www.intermarche.be\/nl\/wp-json\/wp\/v2\/pages"}],"about":[{"href":"https:\/\/www.intermarche.be\/nl\/wp-json\/wp\/v2\/types\/page"}],"author":[{"embeddable":true,"href":"https:\/\/www.intermarche.be\/nl\/wp-json\/wp\/v2\/users\/3"}],"replies":[{"embeddable":true,"href":"https:\/\/www.intermarche.be\/nl\/wp-json\/wp\/v2\/comments?post=212958"}],"version-history":[{"count":0,"href":"https:\/\/www.intermarche.be\/nl\/wp-json\/wp\/v2\/pages\/212958\/revisions"}],"wp:attachment":[{"href":"https:\/\/www.intermarche.be\/nl\/wp-json\/wp\/v2\/media?parent=212958"}],"curies":[{"name":"wp","href":"https:\/\/api.w.org\/{rel}","templated":true}]}}