{"id":34098,"date":"2022-06-28T17:29:35","date_gmt":"2022-06-28T15:29:35","guid":{"rendered":"https:\/\/www.intermarche.be\/jobs\/"},"modified":"2024-02-13T10:29:49","modified_gmt":"2024-02-13T09:29:49","slug":"jobs","status":"publish","type":"page","link":"https:\/\/www.intermarche.be\/nl\/jobs\/","title":{"rendered":"Jobs"},"content":{"rendered":"<div class=\"wpb-content-wrapper\"><p>[vc_row full_width=&#8221;stretch_row&#8221; equal_height=&#8221;yes&#8221; content_placement=&#8221;bottom&#8221; el_class=&#8221;bg-primary overflow-visible pt-2 mb-2&#8243;][vc_column el_class=&#8221;text-center text-lg-start pb-2&#8243;][vc_column_text el_class=&#8221;text-white text-start mb-1&#8243;]<\/p>\n<h1><em>Werken<\/em> bij Intermarch\u00e9<\/h1>\n<p>Interesse in een carri\u00e8re bij Intermarch\u00e9? Kom onze teams versterken, zowel in de winkels als op ons hoofdkantoor in Louvain-la-Neuve, wij zijn op zoek naar gemotiveerde en enthousiaste medewerkers.[\/vc_column_text][vc_btn title=&#8221;Hoofdkantoor&#8221; style=&#8221;custom&#8221; custom_background=&#8221;#ffffff&#8221; custom_text=&#8221;&#8221; shape=&#8221;round&#8221; link=&#8221;url:%23siege-social&#8221; el_class=&#8221;mx-05 mb-05 ms-lg-0 me-lg-1&#8243;][vc_btn title=&#8221;Winkel&#8221; style=&#8221;custom&#8221; custom_background=&#8221;#ffffff&#8221; custom_text=&#8221;&#8221; shape=&#8221;round&#8221; link=&#8221;url:%23magasins&#8221; el_class=&#8221;mx-05 mb-05 ms-lg-0 me-lg-1&#8243;][\/vc_column][\/vc_row][vc_row el_class=&#8221;my-2&#8243; el_id=&#8221;siege-social&#8221;][vc_column][vc_custom_heading text=&#8221;van onze winkels <strong>carri\u00e8re op het hoofdkantoor<\/strong>&#8221; font_container=&#8221;tag:h2|text_align:center&#8221; use_theme_fonts=&#8221;yes&#8221; el_class=&#8221;itm-title justify-content-center h3&#8243;]            <div class=\"pdw-grid pdw-grid-layout-job  p-05\">\n        <div class=\"row row-cols-1 row-cols-lg-2 justify-content-center\">\n                            <div class=\"col p-05\">\n                    <div class=\"card card-item h-100\">\n    <div class=\"row g-0 align-items-center h-100\">\n        <div class=\"col-2 p-05\">\n            <img decoding=\"async\" src=\"https:\/\/www.intermarche.be\/files\/themes\/produweb-theme\/assets\/img\/job-central.svg\" class=\"img-fluid m-0 border border-3 border-white\" \/>\n        <\/div>\n        <div class=\"col-10\">\n            <div class=\"card-body\">\n                <div class=\"d-inline-flex px-05 border rounded mb-05 fs-6\">\n                    Het hoofdkantoor                <\/div>\n                <div class=\"card-title fw-bold fs-4\">\n\t\t\t        CHARGE D\u2019ETUDE QUALITE (H\/F)                <\/div>\n\t\t                            <p class=\"card-text mb-0\">CDD<\/p>\n\t\t        \t\t                            <a class=\"card-link stretched-link\" href=\"https:\/\/be.onlysalesjob.com\/nl\/vacature\/55150\/charge-d-etude-qualite-h-f\" target=\"_blank\"><\/a>\n\t\t                    <\/div>\n        <\/div>\n    <\/div>\n<\/div>                <\/div>\n                    <\/div>\n    <\/div>\n    [\/vc_column][\/vc_row][vc_row el_class=&#8221;my-2&#8243; el_id=&#8221;magasins&#8221;][vc_column][vc_custom_heading text=&#8221;of in een <strong>van onze winkels<\/strong>&#8221; font_container=&#8221;tag:h2|text_align:center&#8221; use_theme_fonts=&#8221;yes&#8221; el_class=&#8221;itm-title justify-content-center h3&#8243;]        <div class=\"row row-cols-1 row-cols-lg-3 py-05 g-05 g-lg-1\">\n    <div class=\"col\"><div class=\"wpgb-facet wpgb-loading wpgb-facet-28\" data-facet=\"28\" data-grid=\"wpgb-content-817855\"><\/div><\/div>\n    <div class=\"col\"><div class=\"wpgb-facet wpgb-loading wpgb-facet-29\" data-facet=\"29\" data-grid=\"wpgb-content-817855\"><\/div><\/div>\n    <div class=\"col\"><div class=\"wpgb-facet wpgb-loading wpgb-facet-30\" data-facet=\"30\" data-grid=\"wpgb-content-817855\"><\/div><\/div>\n<\/div>\n    <div class=\"pdw-grid pdw-grid-layout-job-filters  p-05\">\n        <div id=\"wpgb-content-817855\" class=\"row row-cols-1 row-cols-lg-2 justify-content-center wpgb-content wpgb-content-817855\">\n                            <div class=\"col p-05\">\n                    <div class=\"card card-item h-100\">\n    <div class=\"row g-0 align-items-center h-100\">\n        <div class=\"col-2 p-05\">\n            <img decoding=\"async\" src=\"https:\/\/www.intermarche.be\/files\/themes\/produweb-theme\/assets\/img\/job-store.svg\" class=\"img-fluid m-0 border border-3 border-white\" \/>\n        <\/div>\n        <div class=\"col-10\">\n            <div class=\"card-body\">\n                <div class=\"d-inline-flex px-05 border rounded mb-05 fs-6\">\n                    Winkel - Marche-en-Famenne                <\/div>\n                <div class=\"card-title fw-bold fs-4\">\n\t\t\t        Adjoint au chef boucher exp\u00e9riment\u00e9                <\/div>\n\t\t                            <p class=\"card-text mb-0\">CDI<\/p>\n\t\t        \t\t                            <a class=\"card-link stretched-link\" href=\"https:\/\/be.onlysalesjob.com\/nl\/vacature\/55198\/adjoint-au-chef-boucher-expriment\" target=\"_blank\"><\/a>\n\t\t                    <\/div>\n        <\/div>\n    <\/div>\n<\/div>                <\/div>\n                            <div class=\"col p-05\">\n                    <div class=\"card card-item h-100\">\n    <div class=\"row g-0 align-items-center h-100\">\n        <div class=\"col-2 p-05\">\n            <img decoding=\"async\" src=\"https:\/\/www.intermarche.be\/files\/themes\/produweb-theme\/assets\/img\/job-store.svg\" class=\"img-fluid m-0 border border-3 border-white\" \/>\n        <\/div>\n        <div class=\"col-10\">\n            <div class=\"card-body\">\n                <div class=\"d-inline-flex px-05 border rounded mb-05 fs-6\">\n                    Winkel - Sprimont                <\/div>\n                <div class=\"card-title fw-bold fs-4\">\n\t\t\t        H\u00f4te(sse) de caisse  30H\/sem                <\/div>\n\t\t                            <p class=\"card-text mb-0\">CDI<\/p>\n\t\t        \t\t                            <a class=\"card-link stretched-link\" href=\"https:\/\/be.onlysalesjob.com\/nl\/vacature\/55148\/hte-sse-de-caisse-30h-sem\" target=\"_blank\"><\/a>\n\t\t                    <\/div>\n        <\/div>\n    <\/div>\n<\/div>                <\/div>\n                            <div class=\"col p-05\">\n                    <div class=\"card card-item h-100\">\n    <div class=\"row g-0 align-items-center h-100\">\n        <div class=\"col-2 p-05\">\n            <img decoding=\"async\" src=\"https:\/\/www.intermarche.be\/files\/themes\/produweb-theme\/assets\/img\/job-store.svg\" class=\"img-fluid m-0 border border-3 border-white\" \/>\n        <\/div>\n        <div class=\"col-10\">\n            <div class=\"card-body\">\n                <div class=\"d-inline-flex px-05 border rounded mb-05 fs-6\">\n                    Winkel - Sprimont                <\/div>\n                <div class=\"card-title fw-bold fs-4\">\n\t\t\t        Pr\u00e9parateur\/Pr\u00e9paratrice  pour Atelier Boucherie                <\/div>\n\t\t                            <p class=\"card-text mb-0\">CDI<\/p>\n\t\t        \t\t                            <a class=\"card-link stretched-link\" href=\"https:\/\/be.onlysalesjob.com\/nl\/vacature\/54850\/prparateur-prparatrice-pour-atelier-boucherie\" target=\"_blank\"><\/a>\n\t\t                    <\/div>\n        <\/div>\n    <\/div>\n<\/div>                <\/div>\n                            <div class=\"col p-05\">\n                    <div class=\"card card-item h-100\">\n    <div class=\"row g-0 align-items-center h-100\">\n        <div class=\"col-2 p-05\">\n            <img decoding=\"async\" src=\"https:\/\/www.intermarche.be\/files\/themes\/produweb-theme\/assets\/img\/job-store.svg\" class=\"img-fluid m-0 border border-3 border-white\" \/>\n        <\/div>\n        <div class=\"col-10\">\n            <div class=\"card-body\">\n                <div class=\"d-inline-flex px-05 border rounded mb-05 fs-6\">\n                    Winkel - Sprimont                <\/div>\n                <div class=\"card-title fw-bold fs-4\">\n\t\t\t        Vendeur\/euse au comptoir charcuterie-fromage (30h)                <\/div>\n\t\t                            <p class=\"card-text mb-0\">CDI<\/p>\n\t\t        \t\t                            <a class=\"card-link stretched-link\" href=\"https:\/\/be.onlysalesjob.com\/nl\/vacature\/54682\/vendeur-euse-au-comptoir-charcuterie-fromage-30h\" target=\"_blank\"><\/a>\n\t\t                    <\/div>\n        <\/div>\n    <\/div>\n<\/div>                <\/div>\n                            <div class=\"col p-05\">\n                    <div class=\"card card-item h-100\">\n    <div class=\"row g-0 align-items-center h-100\">\n        <div class=\"col-2 p-05\">\n            <img decoding=\"async\" src=\"https:\/\/www.intermarche.be\/files\/themes\/produweb-theme\/assets\/img\/job-store.svg\" class=\"img-fluid m-0 border border-3 border-white\" \/>\n        <\/div>\n        <div class=\"col-10\">\n            <div class=\"card-body\">\n                <div class=\"d-inline-flex px-05 border rounded mb-05 fs-6\">\n                    Winkel - Sprimont                <\/div>\n                <div class=\"card-title fw-bold fs-4\">\n\t\t\t        Vente \/ R\u00e9assort Rayon Sec polyvalent (30h)                <\/div>\n\t\t                            <p class=\"card-text mb-0\">CDI<\/p>\n\t\t        \t\t                            <a class=\"card-link stretched-link\" href=\"https:\/\/be.onlysalesjob.com\/nl\/vacature\/54783\/vente-rassort-rayon-sec-polyvalent-30h\" target=\"_blank\"><\/a>\n\t\t                    <\/div>\n        <\/div>\n    <\/div>\n<\/div>                <\/div>\n                    <\/div>\n    <\/div>\n    [\/vc_column][\/vc_row][vc_row][vc_column][vc_column_text]Wil je alle producten ontdekken die deze week in de aanbieding zijn? Blader door <a href=\"\/nl\/folders\">onze folders<\/a> om ze niet te missen[\/vc_column_text][\/vc_column][\/vc_row]<\/p>\n<\/div>","protected":false},"excerpt":{"rendered":"<p>[vc_row full_width=&#8221;stretch_row&#8221; equal_height=&#8221;yes&#8221; content_placement=&#8221;bottom&#8221; el_class=&#8221;bg-primary overflow-visible pt-2 mb-2&#8243;][vc_column el_class=&#8221;text-center text-lg-start pb-2&#8243;][vc_column_text el_class=&#8221;text-white text-start mb-1&#8243;] Werken bij Intermarch\u00e9 Interesse in een carri\u00e8re bij Intermarch\u00e9? Kom onze teams versterken, zowel in de winkels als op ons hoofdkantoor in Louvain-la-Neuve, wij zijn op zoek naar gemotiveerde en enthousiaste medewerkers.[\/vc_column_text][vc_btn title=&#8221;Hoofdkantoor&#8221; style=&#8221;custom&#8221; custom_background=&#8221;#ffffff&#8221; custom_text=&#8221;&#8221; shape=&#8221;round&#8221; link=&#8221;url:%23siege-social&#8221; el_class=&#8221;mx-05 mb-05 ms-lg-0 [&hellip;]<\/p>\n","protected":false},"author":1,"featured_media":0,"parent":0,"menu_order":0,"comment_status":"closed","ping_status":"closed","template":"","meta":{"_acf_changed":false,"footnotes":""},"class_list":["post-34098","page","type-page","status-publish","hentry"],"acf":[],"yoast_head":"<!-- This site is optimized with the Yoast SEO plugin v26.0 - https:\/\/yoast.com\/wordpress\/plugins\/seo\/ -->\n<title>Jobs | Intermarch\u00e9<\/title>\n<meta name=\"description\" content=\"Interesse in een carri\u00e8re bij Intermarch\u00e9? Kom onze teams versterken, of het nu in de winkel is of op ons hoofdkantoor in Louvain-la-Neuve, wij zijn op zoek naar gemotiveerde en enthousiaste medewerkers.\" \/>\n<meta name=\"robots\" content=\"index, follow, max-snippet:-1, max-image-preview:large, max-video-preview:-1\" \/>\n<link rel=\"canonical\" href=\"https:\/\/www.intermarche.be\/nl\/jobs\/\" \/>\n<meta property=\"og:locale\" content=\"nl_NL\" \/>\n<meta property=\"og:type\" content=\"article\" \/>\n<meta property=\"og:title\" content=\"Jobs | Intermarch\u00e9\" \/>\n<meta property=\"og:description\" content=\"Interesse in een carri\u00e8re bij Intermarch\u00e9? Kom onze teams versterken, of het nu in de winkel is of op ons hoofdkantoor in Louvain-la-Neuve, wij zijn op zoek naar gemotiveerde en enthousiaste medewerkers.\" \/>\n<meta property=\"og:url\" content=\"https:\/\/www.intermarche.be\/nl\/jobs\/\" \/>\n<meta property=\"og:site_name\" content=\"Intermarch\u00e9\" \/>\n<meta property=\"article:publisher\" content=\"https:\/\/www.facebook.com\/intermarchebelgique\" \/>\n<meta property=\"article:modified_time\" content=\"2024-02-13T09:29:49+00:00\" \/>\n<meta property=\"og:image\" content=\"https:\/\/www.intermarche.be\/files\/uploads\/2024\/02\/intermarche-og.png\" \/>\n\t<meta property=\"og:image:width\" content=\"1920\" \/>\n\t<meta property=\"og:image:height\" content=\"1080\" \/>\n\t<meta property=\"og:image:type\" content=\"image\/png\" \/>\n<meta name=\"twitter:card\" content=\"summary_large_image\" \/>\n<script type=\"application\/ld+json\" class=\"yoast-schema-graph\">{\"@context\":\"https:\/\/schema.org\",\"@graph\":[{\"@type\":\"WebPage\",\"@id\":\"https:\/\/www.intermarche.be\/nl\/jobs\/\",\"url\":\"https:\/\/www.intermarche.be\/nl\/jobs\/\",\"name\":\"Jobs | Intermarch\u00e9\",\"isPartOf\":{\"@id\":\"https:\/\/www.intermarche.be\/nl\/#website\"},\"datePublished\":\"2022-06-28T15:29:35+00:00\",\"dateModified\":\"2024-02-13T09:29:49+00:00\",\"description\":\"Interesse in een carri\u00e8re bij Intermarch\u00e9? Kom onze teams versterken, of het nu in de winkel is of op ons hoofdkantoor in Louvain-la-Neuve, wij zijn op zoek naar gemotiveerde en enthousiaste medewerkers.\",\"breadcrumb\":{\"@id\":\"https:\/\/www.intermarche.be\/nl\/jobs\/#breadcrumb\"},\"inLanguage\":\"nl-NL\",\"potentialAction\":[{\"@type\":\"ReadAction\",\"target\":[\"https:\/\/www.intermarche.be\/nl\/jobs\/\"]}]},{\"@type\":\"BreadcrumbList\",\"@id\":\"https:\/\/www.intermarche.be\/nl\/jobs\/#breadcrumb\",\"itemListElement\":[{\"@type\":\"ListItem\",\"position\":1,\"name\":\"Home\",\"item\":\"https:\/\/www.intermarche.be\/nl\/\"},{\"@type\":\"ListItem\",\"position\":2,\"name\":\"Jobs\"}]},{\"@type\":\"WebSite\",\"@id\":\"https:\/\/www.intermarche.be\/nl\/#website\",\"url\":\"https:\/\/www.intermarche.be\/nl\/\",\"name\":\"Intermarch\u00e9 Belgique\",\"description\":\"\",\"publisher\":{\"@id\":\"https:\/\/www.intermarche.be\/nl\/#organization\"},\"potentialAction\":[{\"@type\":\"SearchAction\",\"target\":{\"@type\":\"EntryPoint\",\"urlTemplate\":\"https:\/\/www.intermarche.be\/nl\/?s={search_term_string}\"},\"query-input\":{\"@type\":\"PropertyValueSpecification\",\"valueRequired\":true,\"valueName\":\"search_term_string\"}}],\"inLanguage\":\"nl-NL\"},{\"@type\":\"Organization\",\"@id\":\"https:\/\/www.intermarche.be\/nl\/#organization\",\"name\":\"Intermarch\u00e9\",\"url\":\"https:\/\/www.intermarche.be\/nl\/\",\"logo\":{\"@type\":\"ImageObject\",\"inLanguage\":\"nl-NL\",\"@id\":\"https:\/\/www.intermarche.be\/nl\/#\/schema\/logo\/image\/\",\"url\":\"https:\/\/www.intermarche.be\/files\/uploads\/2022\/10\/logo-intermarche.png\",\"contentUrl\":\"https:\/\/www.intermarche.be\/files\/uploads\/2022\/10\/logo-intermarche.png\",\"width\":1200,\"height\":1200,\"caption\":\"Intermarch\u00e9\"},\"image\":{\"@id\":\"https:\/\/www.intermarche.be\/nl\/#\/schema\/logo\/image\/\"},\"sameAs\":[\"https:\/\/www.facebook.com\/intermarchebelgique\",\"https:\/\/www.instagram.com\/intermarchebelgium\/\"]}]}<\/script>\n<!-- \/ Yoast SEO plugin. -->","yoast_head_json":{"title":"Jobs | Intermarch\u00e9","description":"Interesse in een carri\u00e8re bij Intermarch\u00e9? Kom onze teams versterken, of het nu in de winkel is of op ons hoofdkantoor in Louvain-la-Neuve, wij zijn op zoek naar gemotiveerde en enthousiaste medewerkers.","robots":{"index":"index","follow":"follow","max-snippet":"max-snippet:-1","max-image-preview":"max-image-preview:large","max-video-preview":"max-video-preview:-1"},"canonical":"https:\/\/www.intermarche.be\/nl\/jobs\/","og_locale":"nl_NL","og_type":"article","og_title":"Jobs | Intermarch\u00e9","og_description":"Interesse in een carri\u00e8re bij Intermarch\u00e9? Kom onze teams versterken, of het nu in de winkel is of op ons hoofdkantoor in Louvain-la-Neuve, wij zijn op zoek naar gemotiveerde en enthousiaste medewerkers.","og_url":"https:\/\/www.intermarche.be\/nl\/jobs\/","og_site_name":"Intermarch\u00e9","article_publisher":"https:\/\/www.facebook.com\/intermarchebelgique","article_modified_time":"2024-02-13T09:29:49+00:00","og_image":[{"width":1920,"height":1080,"url":"https:\/\/www.intermarche.be\/files\/uploads\/2024\/02\/intermarche-og.png","type":"image\/png"}],"twitter_card":"summary_large_image","schema":{"@context":"https:\/\/schema.org","@graph":[{"@type":"WebPage","@id":"https:\/\/www.intermarche.be\/nl\/jobs\/","url":"https:\/\/www.intermarche.be\/nl\/jobs\/","name":"Jobs | Intermarch\u00e9","isPartOf":{"@id":"https:\/\/www.intermarche.be\/nl\/#website"},"datePublished":"2022-06-28T15:29:35+00:00","dateModified":"2024-02-13T09:29:49+00:00","description":"Interesse in een carri\u00e8re bij Intermarch\u00e9? Kom onze teams versterken, of het nu in de winkel is of op ons hoofdkantoor in Louvain-la-Neuve, wij zijn op zoek naar gemotiveerde en enthousiaste medewerkers.","breadcrumb":{"@id":"https:\/\/www.intermarche.be\/nl\/jobs\/#breadcrumb"},"inLanguage":"nl-NL","potentialAction":[{"@type":"ReadAction","target":["https:\/\/www.intermarche.be\/nl\/jobs\/"]}]},{"@type":"BreadcrumbList","@id":"https:\/\/www.intermarche.be\/nl\/jobs\/#breadcrumb","itemListElement":[{"@type":"ListItem","position":1,"name":"Home","item":"https:\/\/www.intermarche.be\/nl\/"},{"@type":"ListItem","position":2,"name":"Jobs"}]},{"@type":"WebSite","@id":"https:\/\/www.intermarche.be\/nl\/#website","url":"https:\/\/www.intermarche.be\/nl\/","name":"Intermarch\u00e9 Belgique","description":"","publisher":{"@id":"https:\/\/www.intermarche.be\/nl\/#organization"},"potentialAction":[{"@type":"SearchAction","target":{"@type":"EntryPoint","urlTemplate":"https:\/\/www.intermarche.be\/nl\/?s={search_term_string}"},"query-input":{"@type":"PropertyValueSpecification","valueRequired":true,"valueName":"search_term_string"}}],"inLanguage":"nl-NL"},{"@type":"Organization","@id":"https:\/\/www.intermarche.be\/nl\/#organization","name":"Intermarch\u00e9","url":"https:\/\/www.intermarche.be\/nl\/","logo":{"@type":"ImageObject","inLanguage":"nl-NL","@id":"https:\/\/www.intermarche.be\/nl\/#\/schema\/logo\/image\/","url":"https:\/\/www.intermarche.be\/files\/uploads\/2022\/10\/logo-intermarche.png","contentUrl":"https:\/\/www.intermarche.be\/files\/uploads\/2022\/10\/logo-intermarche.png","width":1200,"height":1200,"caption":"Intermarch\u00e9"},"image":{"@id":"https:\/\/www.intermarche.be\/nl\/#\/schema\/logo\/image\/"},"sameAs":["https:\/\/www.facebook.com\/intermarchebelgique","https:\/\/www.instagram.com\/intermarchebelgium\/"]}]}},"publishpress_future_workflow_manual_trigger":{"enabledWorkflows":[]},"_links":{"self":[{"href":"https:\/\/www.intermarche.be\/nl\/wp-json\/wp\/v2\/pages\/34098","targetHints":{"allow":["GET"]}}],"collection":[{"href":"https:\/\/www.intermarche.be\/nl\/wp-json\/wp\/v2\/pages"}],"about":[{"href":"https:\/\/www.intermarche.be\/nl\/wp-json\/wp\/v2\/types\/page"}],"author":[{"embeddable":true,"href":"https:\/\/www.intermarche.be\/nl\/wp-json\/wp\/v2\/users\/1"}],"replies":[{"embeddable":true,"href":"https:\/\/www.intermarche.be\/nl\/wp-json\/wp\/v2\/comments?post=34098"}],"version-history":[{"count":0,"href":"https:\/\/www.intermarche.be\/nl\/wp-json\/wp\/v2\/pages\/34098\/revisions"}],"wp:attachment":[{"href":"https:\/\/www.intermarche.be\/nl\/wp-json\/wp\/v2\/media?parent=34098"}],"curies":[{"name":"wp","href":"https:\/\/api.w.org\/{rel}","templated":true}]}}