{"id":44656,"date":"2023-01-06T15:29:06","date_gmt":"2023-01-06T14:29:06","guid":{"rendered":"https:\/\/www.intermarche.be\/la-vie-moins-chere-debarque-a-bruxelles\/"},"modified":"2023-01-24T09:39:42","modified_gmt":"2023-01-24T08:39:42","slug":"goedkoper-leven-in-brussel-komt-er-aan","status":"publish","type":"page","link":"https:\/\/www.intermarche.be\/nl\/goedkoper-leven-in-brussel-komt-er-aan\/","title":{"rendered":"Goedkoper leven in Brussel komt er aan"},"content":{"rendered":"<div class=\"wpb-content-wrapper\"><p>[vc_row full_width=&#8221;stretch_row_content_no_spaces&#8221;][vc_column offset=&#8221;vc_hidden-lg vc_hidden-md&#8221;][vc_single_image image=&#8221;43745&#8243; img_size=&#8221;720&#215;480&#8243; alignment=&#8221;center&#8221; css=&#8221;.vc_custom_1674548702471{padding-top: 0px !important;}&#8221;][\/vc_column][\/vc_row][vc_row full_width=&#8221;stretch_row_content_no_spaces&#8221;][vc_column offset=&#8221;vc_hidden-sm vc_hidden-xs&#8221;][vc_single_image image=&#8221;44658&#8243; img_size=&#8221;1920&#215;480&#8243; alignment=&#8221;center&#8221; css=&#8221;.vc_custom_1674549002162{padding-top: 0px !important;}&#8221;][\/vc_column][\/vc_row][vc_row][vc_column]        <div class=\"pdw-grid pdw-grid-layout-store \">\n    <div class=\"row row-cols-1 row-cols-lg-3 row-cols-md-2 justify-content-center\">\n\t\t\t\t    <\/div>\n<\/div>    [\/vc_column][\/vc_row][vc_row el_class=&#8221;mt-2 mb-3&#8243;][vc_column width=&#8221;5\/6&#8243; offset=&#8221;vc_col-md-offset-1&#8243;][vc_column_text el_class=&#8221;mb-0&#8243;]<\/p>\n<p style=\"text-align: center;\">Intermarch\u00e9 is een winkelketen dat in 1969 in Frankrijk w<strong>erd opgericht en al meer dan 30 jaar aanwezig is in Walloni\u00eb<\/strong>. In 2023 hebben we onze aanwezigheid in Belgi\u00eb uitgebreid met bijna 165 winkels verspreid over het hele land, <strong>waarvan 8 in Brussel<\/strong> !<\/p>\n<p>[\/vc_column_text][vc_custom_heading text=&#8221;Onze <strong>sterke punten<\/strong>&#8221; font_container=&#8221;tag:h2|text_align:center&#8221; use_theme_fonts=&#8221;yes&#8221; el_class=&#8221;itm-title justify-content-center h3 mt-2&#8243;][vc_column_text el_class=&#8221;mb-0&#8243;]<\/p>\n<ul>\n<li><strong>Lage prijzen<\/strong>, zodat iedereen het hele jaar door van al onze producten kan genieten.<\/li>\n<li><strong>Buurtwinkels<\/strong>, geografisch goed gelegen en die dicht bij de mensen staan om zo onze klanten te leren kennen en ze zo goed mogelijk van dienst te zijn.<\/li>\n<li><strong>Winkels die enkel naar de essentie<\/strong> gaan dankzij de lagere prijzen.<\/li>\n<\/ul>\n<p>[\/vc_column_text][vc_custom_heading text=&#8221;<strong>Wist u dit ?<\/strong>&#8221; font_container=&#8221;tag:h2|text_align:center&#8221; use_theme_fonts=&#8221;yes&#8221; el_class=&#8221;itm-title justify-content-center h3 mt-2&#8243;][vc_column_text el_class=&#8221;mb-0&#8243;]<\/p>\n<p style=\"text-align: center;\">Intermarch\u00e9 is <strong>producent en handelaar<\/strong>: wij vervaardigen onze eigen merken in onze fabrieken, zonder tussenpersonen, om u <strong>goedkopere en kwaliteitsvolle producten<\/strong> aan te bieden!<\/p>\n<p>[\/vc_column_text][vc_row_inner][vc_column_inner offset=&#8221;vc_col-md-offset-4 vc_col-md-4&#8243;][vc_btn title=&#8221;Ontdek onze folders&#8221; align=&#8221;center&#8221; button_block=&#8221;true&#8221; link=&#8221;url:https%3A%2F%2Fwww.intermarche.be%2Fnl%2Ffolders%2F&#8221; el_class=&#8221;btn-theme-secondary mt-1 mb-0&#8243;][\/vc_column_inner][\/vc_row_inner][\/vc_column][\/vc_row]<\/p>\n<\/div>","protected":false},"excerpt":{"rendered":"<p>[vc_row full_width=&#8221;stretch_row_content_no_spaces&#8221;][vc_column offset=&#8221;vc_hidden-lg vc_hidden-md&#8221;][vc_single_image image=&#8221;43745&#8243; img_size=&#8221;720&#215;480&#8243; alignment=&#8221;center&#8221; css=&#8221;.vc_custom_1674548702471{padding-top: 0px !important;}&#8221;][\/vc_column][\/vc_row][vc_row full_width=&#8221;stretch_row_content_no_spaces&#8221;][vc_column offset=&#8221;vc_hidden-sm vc_hidden-xs&#8221;][vc_single_image image=&#8221;44658&#8243; img_size=&#8221;1920&#215;480&#8243; alignment=&#8221;center&#8221; css=&#8221;.vc_custom_1674549002162{padding-top: 0px !important;}&#8221;][\/vc_column][\/vc_row][vc_row][vc_column][\/vc_column][\/vc_row][vc_row el_class=&#8221;mt-2 mb-3&#8243;][vc_column width=&#8221;5\/6&#8243; offset=&#8221;vc_col-md-offset-1&#8243;][vc_column_text el_class=&#8221;mb-0&#8243;] Intermarch\u00e9 is een winkelketen dat in 1969 in Frankrijk werd opgericht en al meer dan 30 jaar aanwezig is in Walloni\u00eb. In 2023 hebben we onze aanwezigheid in Belgi\u00eb uitgebreid met [&hellip;]<\/p>\n","protected":false},"author":3,"featured_media":0,"parent":0,"menu_order":0,"comment_status":"closed","ping_status":"closed","template":"","meta":{"_acf_changed":false,"footnotes":""},"class_list":["post-44656","page","type-page","status-publish","hentry"],"acf":[],"yoast_head":"<!-- This site is optimized with the Yoast SEO plugin v26.0 - https:\/\/yoast.com\/wordpress\/plugins\/seo\/ -->\n<title>Goedkoper leven in Brussel komt er aan | Intermarch\u00e9<\/title>\n<meta name=\"robots\" content=\"index, follow, max-snippet:-1, max-image-preview:large, max-video-preview:-1\" \/>\n<link rel=\"canonical\" href=\"https:\/\/www.intermarche.be\/nl\/goedkoper-leven-in-brussel-komt-er-aan\/\" \/>\n<meta property=\"og:locale\" content=\"nl_NL\" \/>\n<meta property=\"og:type\" content=\"article\" \/>\n<meta property=\"og:title\" content=\"Goedkoper leven in Brussel komt er aan | Intermarch\u00e9\" \/>\n<meta property=\"og:description\" content=\"[vc_row full_width=&#8221;stretch_row_content_no_spaces&#8221;][vc_column offset=&#8221;vc_hidden-lg vc_hidden-md&#8221;][vc_single_image image=&#8221;43745&#8243; img_size=&#8221;720&#215;480&#8243; alignment=&#8221;center&#8221; css=&#8221;.vc_custom_1674548702471{padding-top: 0px !important;}&#8221;][\/vc_column][\/vc_row][vc_row full_width=&#8221;stretch_row_content_no_spaces&#8221;][vc_column offset=&#8221;vc_hidden-sm vc_hidden-xs&#8221;][vc_single_image image=&#8221;44658&#8243; img_size=&#8221;1920&#215;480&#8243; alignment=&#8221;center&#8221; css=&#8221;.vc_custom_1674549002162{padding-top: 0px !important;}&#8221;][\/vc_column][\/vc_row][vc_row][vc_column][\/vc_column][\/vc_row][vc_row el_class=&#8221;mt-2 mb-3&#8243;][vc_column width=&#8221;5\/6&#8243; offset=&#8221;vc_col-md-offset-1&#8243;][vc_column_text el_class=&#8221;mb-0&#8243;] Intermarch\u00e9 is een winkelketen dat in 1969 in Frankrijk werd opgericht en al meer dan 30 jaar aanwezig is in Walloni\u00eb. In 2023 hebben we onze aanwezigheid in Belgi\u00eb uitgebreid met [&hellip;]\" \/>\n<meta property=\"og:url\" content=\"https:\/\/www.intermarche.be\/nl\/goedkoper-leven-in-brussel-komt-er-aan\/\" \/>\n<meta property=\"og:site_name\" content=\"Intermarch\u00e9\" \/>\n<meta property=\"article:publisher\" content=\"https:\/\/www.facebook.com\/intermarchebelgique\" \/>\n<meta property=\"article:modified_time\" content=\"2023-01-24T08:39:42+00:00\" \/>\n<meta property=\"og:image\" content=\"https:\/\/www.intermarche.be\/files\/uploads\/2024\/02\/intermarche-og.png\" \/>\n\t<meta property=\"og:image:width\" content=\"1920\" \/>\n\t<meta property=\"og:image:height\" content=\"1080\" \/>\n\t<meta property=\"og:image:type\" content=\"image\/png\" \/>\n<meta name=\"twitter:card\" content=\"summary_large_image\" \/>\n<script type=\"application\/ld+json\" class=\"yoast-schema-graph\">{\"@context\":\"https:\/\/schema.org\",\"@graph\":[{\"@type\":\"WebPage\",\"@id\":\"https:\/\/www.intermarche.be\/nl\/goedkoper-leven-in-brussel-komt-er-aan\/\",\"url\":\"https:\/\/www.intermarche.be\/nl\/goedkoper-leven-in-brussel-komt-er-aan\/\",\"name\":\"Goedkoper leven in Brussel komt er aan | Intermarch\u00e9\",\"isPartOf\":{\"@id\":\"https:\/\/www.intermarche.be\/nl\/#website\"},\"datePublished\":\"2023-01-06T14:29:06+00:00\",\"dateModified\":\"2023-01-24T08:39:42+00:00\",\"breadcrumb\":{\"@id\":\"https:\/\/www.intermarche.be\/nl\/goedkoper-leven-in-brussel-komt-er-aan\/#breadcrumb\"},\"inLanguage\":\"nl-NL\",\"potentialAction\":[{\"@type\":\"ReadAction\",\"target\":[\"https:\/\/www.intermarche.be\/nl\/goedkoper-leven-in-brussel-komt-er-aan\/\"]}]},{\"@type\":\"BreadcrumbList\",\"@id\":\"https:\/\/www.intermarche.be\/nl\/goedkoper-leven-in-brussel-komt-er-aan\/#breadcrumb\",\"itemListElement\":[{\"@type\":\"ListItem\",\"position\":1,\"name\":\"Home\",\"item\":\"https:\/\/www.intermarche.be\/nl\/\"},{\"@type\":\"ListItem\",\"position\":2,\"name\":\"Goedkoper leven in Brussel komt er aan\"}]},{\"@type\":\"WebSite\",\"@id\":\"https:\/\/www.intermarche.be\/nl\/#website\",\"url\":\"https:\/\/www.intermarche.be\/nl\/\",\"name\":\"Intermarch\u00e9 Belgique\",\"description\":\"\",\"publisher\":{\"@id\":\"https:\/\/www.intermarche.be\/nl\/#organization\"},\"potentialAction\":[{\"@type\":\"SearchAction\",\"target\":{\"@type\":\"EntryPoint\",\"urlTemplate\":\"https:\/\/www.intermarche.be\/nl\/?s={search_term_string}\"},\"query-input\":{\"@type\":\"PropertyValueSpecification\",\"valueRequired\":true,\"valueName\":\"search_term_string\"}}],\"inLanguage\":\"nl-NL\"},{\"@type\":\"Organization\",\"@id\":\"https:\/\/www.intermarche.be\/nl\/#organization\",\"name\":\"Intermarch\u00e9\",\"url\":\"https:\/\/www.intermarche.be\/nl\/\",\"logo\":{\"@type\":\"ImageObject\",\"inLanguage\":\"nl-NL\",\"@id\":\"https:\/\/www.intermarche.be\/nl\/#\/schema\/logo\/image\/\",\"url\":\"https:\/\/www.intermarche.be\/files\/uploads\/2022\/10\/logo-intermarche.png\",\"contentUrl\":\"https:\/\/www.intermarche.be\/files\/uploads\/2022\/10\/logo-intermarche.png\",\"width\":1200,\"height\":1200,\"caption\":\"Intermarch\u00e9\"},\"image\":{\"@id\":\"https:\/\/www.intermarche.be\/nl\/#\/schema\/logo\/image\/\"},\"sameAs\":[\"https:\/\/www.facebook.com\/intermarchebelgique\",\"https:\/\/www.instagram.com\/intermarchebelgium\/\"]}]}<\/script>\n<!-- \/ Yoast SEO plugin. -->","yoast_head_json":{"title":"Goedkoper leven in Brussel komt er aan | Intermarch\u00e9","robots":{"index":"index","follow":"follow","max-snippet":"max-snippet:-1","max-image-preview":"max-image-preview:large","max-video-preview":"max-video-preview:-1"},"canonical":"https:\/\/www.intermarche.be\/nl\/goedkoper-leven-in-brussel-komt-er-aan\/","og_locale":"nl_NL","og_type":"article","og_title":"Goedkoper leven in Brussel komt er aan | Intermarch\u00e9","og_description":"[vc_row full_width=&#8221;stretch_row_content_no_spaces&#8221;][vc_column offset=&#8221;vc_hidden-lg vc_hidden-md&#8221;][vc_single_image image=&#8221;43745&#8243; img_size=&#8221;720&#215;480&#8243; alignment=&#8221;center&#8221; css=&#8221;.vc_custom_1674548702471{padding-top: 0px !important;}&#8221;][\/vc_column][\/vc_row][vc_row full_width=&#8221;stretch_row_content_no_spaces&#8221;][vc_column offset=&#8221;vc_hidden-sm vc_hidden-xs&#8221;][vc_single_image image=&#8221;44658&#8243; img_size=&#8221;1920&#215;480&#8243; alignment=&#8221;center&#8221; css=&#8221;.vc_custom_1674549002162{padding-top: 0px !important;}&#8221;][\/vc_column][\/vc_row][vc_row][vc_column][\/vc_column][\/vc_row][vc_row el_class=&#8221;mt-2 mb-3&#8243;][vc_column width=&#8221;5\/6&#8243; offset=&#8221;vc_col-md-offset-1&#8243;][vc_column_text el_class=&#8221;mb-0&#8243;] Intermarch\u00e9 is een winkelketen dat in 1969 in Frankrijk werd opgericht en al meer dan 30 jaar aanwezig is in Walloni\u00eb. In 2023 hebben we onze aanwezigheid in Belgi\u00eb uitgebreid met [&hellip;]","og_url":"https:\/\/www.intermarche.be\/nl\/goedkoper-leven-in-brussel-komt-er-aan\/","og_site_name":"Intermarch\u00e9","article_publisher":"https:\/\/www.facebook.com\/intermarchebelgique","article_modified_time":"2023-01-24T08:39:42+00:00","og_image":[{"width":1920,"height":1080,"url":"https:\/\/www.intermarche.be\/files\/uploads\/2024\/02\/intermarche-og.png","type":"image\/png"}],"twitter_card":"summary_large_image","schema":{"@context":"https:\/\/schema.org","@graph":[{"@type":"WebPage","@id":"https:\/\/www.intermarche.be\/nl\/goedkoper-leven-in-brussel-komt-er-aan\/","url":"https:\/\/www.intermarche.be\/nl\/goedkoper-leven-in-brussel-komt-er-aan\/","name":"Goedkoper leven in Brussel komt er aan | Intermarch\u00e9","isPartOf":{"@id":"https:\/\/www.intermarche.be\/nl\/#website"},"datePublished":"2023-01-06T14:29:06+00:00","dateModified":"2023-01-24T08:39:42+00:00","breadcrumb":{"@id":"https:\/\/www.intermarche.be\/nl\/goedkoper-leven-in-brussel-komt-er-aan\/#breadcrumb"},"inLanguage":"nl-NL","potentialAction":[{"@type":"ReadAction","target":["https:\/\/www.intermarche.be\/nl\/goedkoper-leven-in-brussel-komt-er-aan\/"]}]},{"@type":"BreadcrumbList","@id":"https:\/\/www.intermarche.be\/nl\/goedkoper-leven-in-brussel-komt-er-aan\/#breadcrumb","itemListElement":[{"@type":"ListItem","position":1,"name":"Home","item":"https:\/\/www.intermarche.be\/nl\/"},{"@type":"ListItem","position":2,"name":"Goedkoper leven in Brussel komt er aan"}]},{"@type":"WebSite","@id":"https:\/\/www.intermarche.be\/nl\/#website","url":"https:\/\/www.intermarche.be\/nl\/","name":"Intermarch\u00e9 Belgique","description":"","publisher":{"@id":"https:\/\/www.intermarche.be\/nl\/#organization"},"potentialAction":[{"@type":"SearchAction","target":{"@type":"EntryPoint","urlTemplate":"https:\/\/www.intermarche.be\/nl\/?s={search_term_string}"},"query-input":{"@type":"PropertyValueSpecification","valueRequired":true,"valueName":"search_term_string"}}],"inLanguage":"nl-NL"},{"@type":"Organization","@id":"https:\/\/www.intermarche.be\/nl\/#organization","name":"Intermarch\u00e9","url":"https:\/\/www.intermarche.be\/nl\/","logo":{"@type":"ImageObject","inLanguage":"nl-NL","@id":"https:\/\/www.intermarche.be\/nl\/#\/schema\/logo\/image\/","url":"https:\/\/www.intermarche.be\/files\/uploads\/2022\/10\/logo-intermarche.png","contentUrl":"https:\/\/www.intermarche.be\/files\/uploads\/2022\/10\/logo-intermarche.png","width":1200,"height":1200,"caption":"Intermarch\u00e9"},"image":{"@id":"https:\/\/www.intermarche.be\/nl\/#\/schema\/logo\/image\/"},"sameAs":["https:\/\/www.facebook.com\/intermarchebelgique","https:\/\/www.instagram.com\/intermarchebelgium\/"]}]}},"publishpress_future_workflow_manual_trigger":{"enabledWorkflows":[]},"_links":{"self":[{"href":"https:\/\/www.intermarche.be\/nl\/wp-json\/wp\/v2\/pages\/44656","targetHints":{"allow":["GET"]}}],"collection":[{"href":"https:\/\/www.intermarche.be\/nl\/wp-json\/wp\/v2\/pages"}],"about":[{"href":"https:\/\/www.intermarche.be\/nl\/wp-json\/wp\/v2\/types\/page"}],"author":[{"embeddable":true,"href":"https:\/\/www.intermarche.be\/nl\/wp-json\/wp\/v2\/users\/3"}],"replies":[{"embeddable":true,"href":"https:\/\/www.intermarche.be\/nl\/wp-json\/wp\/v2\/comments?post=44656"}],"version-history":[{"count":0,"href":"https:\/\/www.intermarche.be\/nl\/wp-json\/wp\/v2\/pages\/44656\/revisions"}],"wp:attachment":[{"href":"https:\/\/www.intermarche.be\/nl\/wp-json\/wp\/v2\/media?parent=44656"}],"curies":[{"name":"wp","href":"https:\/\/api.w.org\/{rel}","templated":true}]}}